{"id":1957,"date":"2025-05-21T11:13:14","date_gmt":"2025-05-21T09:13:14","guid":{"rendered":"https:\/\/pnyc.es\/aviso-legal\/"},"modified":"2026-02-10T16:28:24","modified_gmt":"2026-02-10T15:28:24","slug":"legal-notice","status":"publish","type":"page","link":"https:\/\/pnyc.es\/en\/legal-notice\/","title":{"rendered":"Legal notice"},"content":{"rendered":"<div class=\"fusion-fullwidth fullwidth-box fusion-builder-row-1 fusion-flex-container has-pattern-background has-mask-background nonhundred-percent-fullwidth non-hundred-percent-height-scrolling\" style=\"--link_hover_color: var(--awb-color4);--link_color: var(--awb-color6);--awb-border-radius-top-left:0px;--awb-border-radius-top-right:0px;--awb-border-radius-bottom-right:0px;--awb-border-radius-bottom-left:0px;--awb-flex-wrap:wrap;\" ><div class=\"fusion-builder-row fusion-row fusion-flex-align-items-flex-start fusion-flex-content-wrap\" style=\"max-width:1248px;margin-left: calc(-4% \/ 2 );margin-right: calc(-4% \/ 2 );\"><div class=\"fusion-layout-column fusion_builder_column fusion-builder-column-0 fusion_builder_column_1_1 1_1 fusion-flex-column\" style=\"--awb-bg-size:cover;--awb-width-large:100%;--awb-margin-top-large:0px;--awb-spacing-right-large:1.92%;--awb-margin-bottom-large:20px;--awb-spacing-left-large:1.92%;--awb-width-medium:100%;--awb-order-medium:0;--awb-spacing-right-medium:1.92%;--awb-spacing-left-medium:1.92%;--awb-width-small:100%;--awb-order-small:0;--awb-spacing-right-small:1.92%;--awb-spacing-left-small:1.92%;\"><div class=\"fusion-column-wrapper fusion-column-has-shadow fusion-flex-justify-content-flex-start fusion-content-layout-column\"><div class=\"fusion-title title fusion-title-1 fusion-sep-none fusion-title-text fusion-title-size-one\"><h1 class=\"fusion-title-heading title-heading-left fusion-responsive-typography-calculated\" style=\"margin:0;--fontSize:40;line-height:1.1;\">Legal notice<\/h1><\/div><\/div><\/div><div class=\"fusion-layout-column fusion_builder_column fusion-builder-column-1 fusion_builder_column_1_1 1_1 fusion-flex-column\" style=\"--awb-bg-size:cover;--awb-width-large:100%;--awb-margin-top-large:0px;--awb-spacing-right-large:1.92%;--awb-margin-bottom-large:20px;--awb-spacing-left-large:1.92%;--awb-width-medium:100%;--awb-order-medium:0;--awb-spacing-right-medium:1.92%;--awb-spacing-left-medium:1.92%;--awb-width-small:100%;--awb-order-small:0;--awb-spacing-right-small:1.92%;--awb-spacing-left-small:1.92%;\"><div class=\"fusion-column-wrapper fusion-column-has-shadow fusion-flex-justify-content-flex-start fusion-content-layout-column\"><div class=\"fusion-title title fusion-title-2 fusion-sep-none fusion-title-text fusion-title-size-two\"><h2 class=\"fusion-title-heading title-heading-left fusion-responsive-typography-calculated\" style=\"margin:0;--fontSize:32;line-height:1.1;\">General conditions of use of the website www.pnyc.es<\/h2><\/div><div class=\"fusion-text fusion-text-1\"><p>PREFABRICACION NAVAL Y CALDERERIA, SL, with registered office at Pol\u00edgono Industrial la Cancela, s\/n, 41017, Seville, with Tax Identification Number B41652678, represented by Jes\u00fas Antonio Cuevas Gallego, with Tax Identification Number 28588222G, makes certain informative content about its activities available on its website <a href=\"http:\/\/www.pnyc.es\">www.pnyc.es<\/a>.<\/p>\n<p>These general terms and conditions solely and exclusively govern the use of the Prefabricaci\u00f3n Naval y Calderer\u00eda website by USERS who access the same. These general conditions are displayed to the USER on the website www.pnyc.es on each and every page and each time a USER enters their data in the existing forms, so that they can read, print, file and accept them via the internet. The USER cannot effectively enter their data without this acceptance.<\/p>\n<p>Prefabricaci\u00f3n Naval y Calderer\u00eda, SL is registered in the Mercantile Registry of Seville (volume 1946, Book 0, SECTION 8, folio 100, page SE-18310, entry 4).<\/p>\n<p>Access to the Prefabricaci\u00f3n Naval y Calderer\u00eda website implies unreserved acceptance of these general conditions of use, which the USER declares they understand in their entirety. The USER undertakes not to use the website and the services offered therein to carry out activities contrary to the law and to respect these general conditions at all times.<\/p>\n<\/div><\/div><\/div><div class=\"fusion-layout-column fusion_builder_column fusion-builder-column-2 fusion_builder_column_1_1 1_1 fusion-flex-column\" style=\"--awb-bg-size:cover;--awb-width-large:100%;--awb-margin-top-large:0px;--awb-spacing-right-large:1.92%;--awb-margin-bottom-large:20px;--awb-spacing-left-large:1.92%;--awb-width-medium:100%;--awb-order-medium:0;--awb-spacing-right-medium:1.92%;--awb-spacing-left-medium:1.92%;--awb-width-small:100%;--awb-order-small:0;--awb-spacing-right-small:1.92%;--awb-spacing-left-small:1.92%;\"><div class=\"fusion-column-wrapper fusion-column-has-shadow fusion-flex-justify-content-flex-start fusion-content-layout-column\"><div class=\"fusion-title title fusion-title-3 fusion-sep-none fusion-title-text fusion-title-size-three\"><h3 class=\"fusion-title-heading title-heading-left fusion-responsive-typography-calculated\" style=\"margin:0;--fontSize:26;line-height:1.1;\">ONE. CONDITIONS OF ACCESS AND USE<\/h3><\/div><div class=\"fusion-text fusion-text-2\"><p>1.1.-The use of the Prefabricaci\u00f3n Naval y Calderer\u00eda website does not require the USER to register. The conditions of access and use of this website are strictly governed by current legislation and the principle of good faith, and the USER undertakes to make proper use of the website. All acts that violate the law, rights or interests of third parties are prohibited: right to privacy, data protection, intellectual property, etc. Prefabricaci\u00f3n Naval y Calderer\u00eda expressly prohibits the following:<\/p>\n<p>1.1.1.- Performing actions that may cause any type of damage to the systems of Prefabricaci\u00f3n Naval y Calderer\u00eda or to third parties on or through the website by any means.<\/p>\n<p>1.1.2.- Carrying out, without due authorisation, any type of advertising or commercial information directly or covertly, sending mass emails (&#8220;spamming&#8221;) or sending large messages in order to block network servers (&#8220;mail bombing&#8221;).<\/p>\n<p>1.2.- Prefabricaci\u00f3n Naval y Calderer\u00eda may interrupt access to its website at any time if it detects any use that is contrary to the law, good faith or these general conditions &#8211; see clause five.<\/p>\n<\/div><\/div><\/div><div class=\"fusion-layout-column fusion_builder_column fusion-builder-column-3 fusion_builder_column_1_1 1_1 fusion-flex-column\" style=\"--awb-bg-size:cover;--awb-width-large:100%;--awb-margin-top-large:0px;--awb-spacing-right-large:1.92%;--awb-margin-bottom-large:20px;--awb-spacing-left-large:1.92%;--awb-width-medium:100%;--awb-order-medium:0;--awb-spacing-right-medium:1.92%;--awb-spacing-left-medium:1.92%;--awb-width-small:100%;--awb-order-small:0;--awb-spacing-right-small:1.92%;--awb-spacing-left-small:1.92%;\"><div class=\"fusion-column-wrapper fusion-column-has-shadow fusion-flex-justify-content-flex-start fusion-content-layout-column\"><div class=\"fusion-title title fusion-title-4 fusion-sep-none fusion-title-text fusion-title-size-three\"><h3 class=\"fusion-title-heading title-heading-left fusion-responsive-typography-calculated\" style=\"margin:0;--fontSize:26;line-height:1.1;\">TWO. CONTENTS<\/h3><\/div><div class=\"fusion-text fusion-text-3\"><p>The content included on this website has been created and included by:<\/p>\n<p>2.1.- Prefabricaci\u00f3n Naval y Calderer\u00eda is only responsible for content produced internally.<\/p>\n<p>2.2.- Third parties unrelated to Prefabricaci\u00f3n Naval y Calderer\u00eda, either through direct collaboration on the website or through hyperlinks or links to other websites or news items from other sites that are not owned by Prefabricaci\u00f3n Naval y Calderer\u00eda.<\/p>\n<p>Prefabricaci\u00f3n Naval y Calderer\u00eda shall in no case be liable for the content thus introduced and does not guarantee the correct functioning of all these links or hyperlinks.<\/p>\n<p>USERS who wish to establish a hyperlink on their website to the Prefabricaci\u00f3n Naval y Calderer\u00eda website shall not make illegal use of or act contrary to good faith with regard to the information made available on the aforementioned website.<\/p>\n<p>2.3.- Prefabricaci\u00f3n Naval y Calderer\u00eda reserves the right to modify the contents of its website at any time.<\/p>\n<\/div><\/div><\/div><div class=\"fusion-layout-column fusion_builder_column fusion-builder-column-4 fusion_builder_column_1_1 1_1 fusion-flex-column\" style=\"--awb-bg-size:cover;--awb-width-large:100%;--awb-margin-top-large:0px;--awb-spacing-right-large:1.92%;--awb-margin-bottom-large:20px;--awb-spacing-left-large:1.92%;--awb-width-medium:100%;--awb-order-medium:0;--awb-spacing-right-medium:1.92%;--awb-spacing-left-medium:1.92%;--awb-width-small:100%;--awb-order-small:0;--awb-spacing-right-small:1.92%;--awb-spacing-left-small:1.92%;\"><div class=\"fusion-column-wrapper fusion-column-has-shadow fusion-flex-justify-content-flex-start fusion-content-layout-column\"><div class=\"fusion-title title fusion-title-5 fusion-sep-none fusion-title-text fusion-title-size-three\"><h3 class=\"fusion-title-heading title-heading-left fusion-responsive-typography-calculated\" style=\"margin:0;--fontSize:26;line-height:1.1;\">THREE. COPYRIGHT AND TRADEMARK<\/h3><\/div><div class=\"fusion-text fusion-text-4\"><p>Prefabricaci\u00f3n Naval y Calderer\u00eda is a registered trademark. The use by third parties of the Prefabricaci\u00f3n Naval y Calderer\u00eda trademark, including both the name and the logo, is prohibited without the express consent of Prefabricaci\u00f3n Naval y Calderer\u00eda. All rights are reserved. Furthermore, the Prefabricaci\u00f3n Naval y Calderer\u00eda website\u2014its content, programming, and design\u2014is fully protected by copyright, and any reproduction, communication, distribution, or transformation of the aforementioned protected elements is expressly prohibited without the express consent of Prefabricaci\u00f3n Naval y Calderer\u00eda.<\/p>\n<\/div><\/div><\/div><div class=\"fusion-layout-column fusion_builder_column fusion-builder-column-5 fusion_builder_column_1_1 1_1 fusion-flex-column\" style=\"--awb-bg-size:cover;--awb-width-large:100%;--awb-margin-top-large:0px;--awb-spacing-right-large:1.92%;--awb-margin-bottom-large:20px;--awb-spacing-left-large:1.92%;--awb-width-medium:100%;--awb-order-medium:0;--awb-spacing-right-medium:1.92%;--awb-spacing-left-medium:1.92%;--awb-width-small:100%;--awb-order-small:0;--awb-spacing-right-small:1.92%;--awb-spacing-left-small:1.92%;\"><div class=\"fusion-column-wrapper fusion-column-has-shadow fusion-flex-justify-content-flex-start fusion-content-layout-column\"><div class=\"fusion-title title fusion-title-6 fusion-sep-none fusion-title-text fusion-title-size-three\"><h3 class=\"fusion-title-heading title-heading-left fusion-responsive-typography-calculated\" style=\"margin:0;--fontSize:26;line-height:1.1;\">FOUR. JURISDICTION AND APPLICABLE LAW<\/h3><\/div><div class=\"fusion-text fusion-text-5\"><p>These general conditions are governed by Spanish law. The Courts of Seville are competent to resolve any dispute or conflict arising from these general conditions, with the USER expressly waiving any other jurisdiction that may apply.<\/p>\n<\/div><\/div><\/div><div class=\"fusion-layout-column fusion_builder_column fusion-builder-column-6 fusion_builder_column_1_1 1_1 fusion-flex-column\" style=\"--awb-bg-size:cover;--awb-width-large:100%;--awb-margin-top-large:0px;--awb-spacing-right-large:1.92%;--awb-margin-bottom-large:20px;--awb-spacing-left-large:1.92%;--awb-width-medium:100%;--awb-order-medium:0;--awb-spacing-right-medium:1.92%;--awb-spacing-left-medium:1.92%;--awb-width-small:100%;--awb-order-small:0;--awb-spacing-right-small:1.92%;--awb-spacing-left-small:1.92%;\"><div class=\"fusion-column-wrapper fusion-column-has-shadow fusion-flex-justify-content-flex-start fusion-content-layout-column\"><div class=\"fusion-title title fusion-title-7 fusion-sep-none fusion-title-text fusion-title-size-three\"><h3 class=\"fusion-title-heading title-heading-left fusion-responsive-typography-calculated\" style=\"margin:0;--fontSize:26;line-height:1.1;\">FIVE<\/h3><\/div><div class=\"fusion-text fusion-text-6\"><p>In the event that any clause in this document is declared null and void, the other clauses shall remain in force and shall be interpreted taking into account the will of the parties and the purpose of these conditions. Prefabricaci\u00f3n Naval y Calderer\u00eda may not exercise any of the rights and powers conferred in this document, which shall in no case imply a waiver of the same unless expressly acknowledged by Prefabricaci\u00f3n Naval y Calderer\u00eda.<\/p>\n<p><b>Cookie policy<\/b><\/p>\n<p>A cookie is a file that is downloaded to your computer when you access certain websites. Cookies allow a website, among other things, to store and retrieve information about the browsing habits of a user or their computer and, depending on the information they contain and the way you use your computer, they can be used to recognise the user. The user&#8217;s browser stores cookies on the hard drive only during the current session, taking up minimal memory space and not harming the computer. Cookies do not contain any specific personal information, and most of them are deleted from the hard drive at the end of the browser session (so-called session cookies).<\/p>\n<p>Most browsers accept cookies as standard and, regardless of the cookies, allow or prevent temporary or stored cookies in the security settings.<\/p>\n<p>What types of cookies does this website use?<\/p>\n<ul>\n<li aria-level=\"1\">Technical cookies: These allow the user to navigate through a website, platform or application and use the different options or services that exist therein, such as, for example, controlling traffic and data communication, identifying the session, accessing restricted areas, remembering the items included in an order, carrying out the purchase process for an order, applying to register or participate in an event, using security features while browsing, storing content for the dissemination of videos or sound, or sharing content via social networks.<\/li>\n<li aria-level=\"1\">Analysis cookies: These are cookies that, whether processed by us or by third parties, allow us to quantify the number of users and thus carry out statistical measurement and analysis of the use made by users of the service offered. To do this, your browsing on our website is analysed in order to improve the range of products or services we offer you.<\/li>\n<li aria-level=\"1\">Advertising cookies: These are cookies that, whether processed by us or by third parties, allow us to manage the advertising space on the website as effectively as possible, tailoring the content of the advertisement to the content of the service requested or to the use you make of our website. To do this, we may analyse your browsing habits on the Internet and show you advertising related to your browsing profile.<\/li>\n<li aria-level=\"1\">Behavioural advertising cookies: These are cookies that allow the most effective management of the advertising spaces that, where appropriate, the publisher has included on a website, application or platform from which the requested service is provided. These cookies store information on the behaviour of users, obtained through continuous observation of their browsing habits, allowing a specific profile to be developed in order to display advertising based on that profile.<\/li>\n<li aria-level=\"1\">Third-party cookies. In particular, this website uses Google Analytics, a web analytics service provided by Google, Inc. based in the United States with headquarters at 1600 Amphitheatre Parkway, Mountain View, California 94043. To provide these services, they use cookies that collect information, including the user&#8217;s IP address, which will be transmitted, processed and stored by Google under the terms set out on the Google.com website. This includes the possible transmission of such information to third parties for legal reasons or when such third parties process the information on Google&#8217;s behalf.<\/li>\n<\/ul>\n<p>By using this Website, the User expressly accepts the processing of the information collected in the manner and for the purposes mentioned above. The User also acknowledges that they are aware of the option to reject the processing of such data or information by rejecting the use of Cookies by selecting the appropriate settings for this purpose in their browser. However, this option to block Cookies in your browser may not allow you to make full use of all the features of the Website.<\/p>\n<p>You can allow, block or delete cookies installed on your computer by configuring the browser options installed on your computer:<\/p>\n<ul>\n<li aria-level=\"1\">Chrome<\/li>\n<li aria-level=\"1\">Explorer<\/li>\n<li aria-level=\"1\">Firefox<\/li>\n<li aria-level=\"1\">Safari<\/li>\n<\/ul>\n<p>If you have any questions about this cookie policy, please contact us at <a href=\"mailto:info@pnyc.es\">info@pnyc.es<\/a>.<\/p>\n<\/div><\/div><\/div><\/div><\/div>\n","protected":false},"excerpt":{"rendered":"","protected":false},"author":1,"featured_media":0,"parent":0,"menu_order":0,"comment_status":"closed","ping_status":"closed","template":"100-width.php","meta":{"footnotes":""},"class_list":["post-1957","page","type-page","status-publish","hentry"],"yoast_head":"<!-- This site is optimized with the Yoast SEO plugin v26.7 - https:\/\/yoast.com\/wordpress\/plugins\/seo\/ -->\n<title>Legal notice - PNYC<\/title>\n<meta name=\"robots\" content=\"noindex, nofollow\" \/>\n<meta property=\"og:locale\" content=\"en_US\" \/>\n<meta property=\"og:type\" content=\"article\" \/>\n<meta property=\"og:title\" content=\"Legal notice - PNYC\" \/>\n<meta property=\"og:url\" content=\"https:\/\/pnyc.es\/en\/legal-notice\/\" \/>\n<meta property=\"og:site_name\" content=\"PNYC\" \/>\n<meta property=\"article:modified_time\" content=\"2026-02-10T15:28:24+00:00\" \/>\n<meta name=\"twitter:card\" content=\"summary_large_image\" \/>\n<meta name=\"twitter:label1\" content=\"Est. reading time\" \/>\n\t<meta name=\"twitter:data1\" content=\"7 minutes\" \/>\n<script type=\"application\/ld+json\" class=\"yoast-schema-graph\">{\"@context\":\"https:\/\/schema.org\",\"@graph\":[{\"@type\":\"WebPage\",\"@id\":\"https:\/\/pnyc.es\/en\/legal-notice\/\",\"url\":\"https:\/\/pnyc.es\/en\/legal-notice\/\",\"name\":\"Legal notice - PNYC\",\"isPartOf\":{\"@id\":\"https:\/\/pnyc.es\/en\/#website\"},\"datePublished\":\"2025-05-21T09:13:14+00:00\",\"dateModified\":\"2026-02-10T15:28:24+00:00\",\"breadcrumb\":{\"@id\":\"https:\/\/pnyc.es\/en\/legal-notice\/#breadcrumb\"},\"inLanguage\":\"en-US\",\"potentialAction\":[{\"@type\":\"ReadAction\",\"target\":[\"https:\/\/pnyc.es\/en\/legal-notice\/\"]}]},{\"@type\":\"BreadcrumbList\",\"@id\":\"https:\/\/pnyc.es\/en\/legal-notice\/#breadcrumb\",\"itemListElement\":[{\"@type\":\"ListItem\",\"position\":1,\"name\":\"Portada\",\"item\":\"https:\/\/pnyc.es\/en\/\"},{\"@type\":\"ListItem\",\"position\":2,\"name\":\"Legal notice\"}]},{\"@type\":\"WebSite\",\"@id\":\"https:\/\/pnyc.es\/en\/#website\",\"url\":\"https:\/\/pnyc.es\/en\/\",\"name\":\"PNYC\",\"description\":\"Montaje y mantenimiento de instalaciones mec\u00e1nicas\",\"potentialAction\":[{\"@type\":\"SearchAction\",\"target\":{\"@type\":\"EntryPoint\",\"urlTemplate\":\"https:\/\/pnyc.es\/en\/?s={search_term_string}\"},\"query-input\":{\"@type\":\"PropertyValueSpecification\",\"valueRequired\":true,\"valueName\":\"search_term_string\"}}],\"inLanguage\":\"en-US\"}]}<\/script>\n<!-- \/ Yoast SEO plugin. -->","yoast_head_json":{"title":"Legal notice - PNYC","robots":{"index":"noindex","follow":"nofollow"},"og_locale":"en_US","og_type":"article","og_title":"Legal notice - PNYC","og_url":"https:\/\/pnyc.es\/en\/legal-notice\/","og_site_name":"PNYC","article_modified_time":"2026-02-10T15:28:24+00:00","twitter_card":"summary_large_image","twitter_misc":{"Est. reading time":"7 minutes"},"schema":{"@context":"https:\/\/schema.org","@graph":[{"@type":"WebPage","@id":"https:\/\/pnyc.es\/en\/legal-notice\/","url":"https:\/\/pnyc.es\/en\/legal-notice\/","name":"Legal notice - PNYC","isPartOf":{"@id":"https:\/\/pnyc.es\/en\/#website"},"datePublished":"2025-05-21T09:13:14+00:00","dateModified":"2026-02-10T15:28:24+00:00","breadcrumb":{"@id":"https:\/\/pnyc.es\/en\/legal-notice\/#breadcrumb"},"inLanguage":"en-US","potentialAction":[{"@type":"ReadAction","target":["https:\/\/pnyc.es\/en\/legal-notice\/"]}]},{"@type":"BreadcrumbList","@id":"https:\/\/pnyc.es\/en\/legal-notice\/#breadcrumb","itemListElement":[{"@type":"ListItem","position":1,"name":"Portada","item":"https:\/\/pnyc.es\/en\/"},{"@type":"ListItem","position":2,"name":"Legal notice"}]},{"@type":"WebSite","@id":"https:\/\/pnyc.es\/en\/#website","url":"https:\/\/pnyc.es\/en\/","name":"PNYC","description":"Montaje y mantenimiento de instalaciones mec\u00e1nicas","potentialAction":[{"@type":"SearchAction","target":{"@type":"EntryPoint","urlTemplate":"https:\/\/pnyc.es\/en\/?s={search_term_string}"},"query-input":{"@type":"PropertyValueSpecification","valueRequired":true,"valueName":"search_term_string"}}],"inLanguage":"en-US"}]}},"_links":{"self":[{"href":"https:\/\/pnyc.es\/en\/wp-json\/wp\/v2\/pages\/1957","targetHints":{"allow":["GET"]}}],"collection":[{"href":"https:\/\/pnyc.es\/en\/wp-json\/wp\/v2\/pages"}],"about":[{"href":"https:\/\/pnyc.es\/en\/wp-json\/wp\/v2\/types\/page"}],"author":[{"embeddable":true,"href":"https:\/\/pnyc.es\/en\/wp-json\/wp\/v2\/users\/1"}],"replies":[{"embeddable":true,"href":"https:\/\/pnyc.es\/en\/wp-json\/wp\/v2\/comments?post=1957"}],"version-history":[{"count":2,"href":"https:\/\/pnyc.es\/en\/wp-json\/wp\/v2\/pages\/1957\/revisions"}],"predecessor-version":[{"id":1959,"href":"https:\/\/pnyc.es\/en\/wp-json\/wp\/v2\/pages\/1957\/revisions\/1959"}],"wp:attachment":[{"href":"https:\/\/pnyc.es\/en\/wp-json\/wp\/v2\/media?parent=1957"}],"curies":[{"name":"wp","href":"https:\/\/api.w.org\/{rel}","templated":true}]}}